{"id":4039,"date":"2025-11-28T12:35:38","date_gmt":"2025-11-28T11:35:38","guid":{"rendered":"https:\/\/laparoleaucentre.com\/?page_id=4039"},"modified":"2026-02-18T21:24:06","modified_gmt":"2026-02-18T20:24:06","slug":"hamlet","status":"publish","type":"page","link":"https:\/\/laparoleaucentre.com\/index.php\/hamlet\/","title":{"rendered":"hamlet"},"content":{"rendered":"<p><div class=\"fusion-fullwidth fullwidth-box fusion-builder-row-1 fusion-flex-container has-pattern-background has-mask-background nonhundred-percent-fullwidth non-hundred-percent-height-scrolling fusion-no-small-visibility\" style=\"--awb-border-radius-top-left:0px;--awb-border-radius-top-right:0px;--awb-border-radius-bottom-right:0px;--awb-border-radius-bottom-left:0px;--awb-padding-right:3%;--awb-padding-left:3%;--awb-background-color:rgba(244,244,244,0);--awb-flex-wrap:wrap;\" ><div class=\"fusion-builder-row fusion-row fusion-flex-align-items-flex-start fusion-flex-content-wrap\" style=\"max-width:1248px;margin-left: calc(-4% \/ 2 );margin-right: calc(-4% \/ 2 );\"><div class=\"fusion-layout-column fusion_builder_column fusion-builder-column-0 fusion_builder_column_1_2 1_2 fusion-flex-column\" style=\"--awb-bg-size:cover;--awb-width-large:50%;--awb-margin-top-large:0px;--awb-spacing-right-large:3.84%;--awb-margin-bottom-large:20px;--awb-spacing-left-large:3.84%;--awb-width-medium:50%;--awb-order-medium:0;--awb-spacing-right-medium:3.84%;--awb-spacing-left-medium:3.84%;--awb-width-small:100%;--awb-order-small:0;--awb-spacing-right-small:1.92%;--awb-spacing-left-small:1.92%;\"><div class=\"fusion-column-wrapper fusion-column-has-shadow fusion-flex-justify-content-flex-start fusion-content-layout-column\"><div class=\"fusion-image-element \" style=\"--awb-caption-title-font-family:var(--h2_typography-font-family);--awb-caption-title-font-weight:var(--h2_typography-font-weight);--awb-caption-title-font-style:var(--h2_typography-font-style);--awb-caption-title-size:var(--h2_typography-font-size);--awb-caption-title-transform:var(--h2_typography-text-transform);--awb-caption-title-line-height:var(--h2_typography-line-height);--awb-caption-title-letter-spacing:var(--h2_typography-letter-spacing);\"><span class=\" fusion-imageframe imageframe-none imageframe-1 hover-type-none\"><img decoding=\"async\" width=\"774\" height=\"775\" title=\"hamlet pac\" src=\"https:\/\/laparoleaucentre.com\/wp-content\/uploads\/2025\/06\/hamlet-pac.png\" alt class=\"img-responsive wp-image-3978\" srcset=\"https:\/\/laparoleaucentre.com\/wp-content\/uploads\/2025\/06\/hamlet-pac-200x200.png 200w, https:\/\/laparoleaucentre.com\/wp-content\/uploads\/2025\/06\/hamlet-pac-400x401.png 400w, https:\/\/laparoleaucentre.com\/wp-content\/uploads\/2025\/06\/hamlet-pac-600x601.png 600w, https:\/\/laparoleaucentre.com\/wp-content\/uploads\/2025\/06\/hamlet-pac.png 774w\" sizes=\"(max-width: 640px) 100vw, 600px\" \/><\/span><\/div><div class=\"fusion-separator fusion-full-width-sep\" style=\"align-self: center;margin-left: auto;margin-right: auto;margin-top:20px;margin-bottom:20px;width:100%;\"><\/div><div class=\"fusion-text fusion-text-1\" style=\"--awb-margin-right:40px;\"><h3 class=\"fusion-responsive-typography-calculated\" data-fontsize=\"22\" data-lineheight=\"26.4px\">\/ agenda<\/h3>\n<\/div><div class=\"fusion-separator fusion-full-width-sep\" style=\"align-self: center;margin-left: auto;margin-right: auto;width:100%;\"><div class=\"fusion-separator-border sep-single sep-solid\" style=\"--awb-height:20px;--awb-amount:20px;--awb-sep-color:#000000;border-color:#000000;border-top-width:1px;\"><\/div><\/div><div class=\"fusion-text fusion-text-2\" style=\"--awb-content-alignment:justify;\"><h4 style=\"text-align: left;\"><strong><span style=\"color: #f6bbd0;\">13 &gt; 17.12.25<\/span>\u00a0&#8211; nest cdn transfrontalier \/ thionville<\/strong><\/h4>\n<h4><strong><span style=\"color: #f6bbd0;\">3 &gt; 8.03<\/span> &#8211; nest cdn transfrontalier \/ thionville<\/strong><\/h4>\n<h4><strong><span style=\"color: #f6bbd0;\">25 &gt; 29.03<\/span> &#8211; abbaye neinmester \/ luxembourg<\/strong><\/h4>\n<h4><strong><span style=\"color: #f6bbd0;\">1 &gt; 5.06<\/span> &#8211; th\u00e9\u00e2tre paul \u00e9luard \/ bezons<\/strong><\/h4>\n<\/div><\/div><\/div><div class=\"fusion-layout-column fusion_builder_column fusion-builder-column-1 fusion_builder_column_1_2 1_2 fusion-flex-column\" style=\"--awb-padding-top:7%;--awb-padding-right:7%;--awb-padding-bottom:7%;--awb-padding-left:7%;--awb-bg-size:cover;--awb-border-color:#000000;--awb-border-style:solid;--awb-width-large:50%;--awb-margin-top-large:0px;--awb-spacing-right-large:3.84%;--awb-margin-bottom-large:20px;--awb-spacing-left-large:3.84%;--awb-width-medium:50%;--awb-order-medium:0;--awb-spacing-right-medium:3.84%;--awb-spacing-left-medium:3.84%;--awb-width-small:100%;--awb-order-small:0;--awb-spacing-right-small:1.92%;--awb-spacing-left-small:1.92%;\"><div class=\"fusion-column-wrapper fusion-column-has-shadow fusion-flex-justify-content-flex-start fusion-content-layout-column\"><div class=\"fusion-title title fusion-title-1 fusion-sep-none fusion-title-center fusion-title-text fusion-title-size-two fusion-animated\" style=\"--awb-margin-bottom:45px;--awb-font-size:45px;\" data-animationType=\"flash\" data-animationDuration=\"1.0\" data-animationOffset=\"top-into-view\"><h2 class=\"fusion-title-heading title-heading-center\" style=\"font-family:&quot;Permanent Marker&quot;;font-style:normal;font-weight:400;margin:0;font-size:1em;\">hamlet<\/h2><\/div><div class=\"fusion-text fusion-text-3\" style=\"--awb-line-height:0;\"><p class=\"_04xlpA direction-ltr align-end para-style-body\" style=\"text-align: center;\"><strong><em><span class=\"JsGRdQ\"><b>[cape ou pas cape] <\/b><\/span><\/em><\/strong><\/p>\n<\/div><div class=\"fusion-separator fusion-full-width-sep\" style=\"align-self: center;margin-left: auto;margin-right: auto;margin-top:5px;margin-bottom:5px;width:100%;\"><\/div><div class=\"fusion-text fusion-text-4\"><h4 class=\"_04xlpA direction-ltr align-end para-style-body\" style=\"text-align: center;\">en cr\u00e9ation<\/h4>\n<\/div><div class=\"fusion-separator fusion-full-width-sep\" style=\"align-self: center;margin-left: auto;margin-right: auto;margin-top:5px;margin-bottom:5px;width:100%;\"><\/div><div class=\"fusion-content-boxes content-boxes columns row fusion-columns-1 fusion-columns-total-1 fusion-content-boxes-1 content-boxes-icon-with-title content-left\" style=\"--awb-hover-accent-color:rgba(101,188,123,0);--awb-circle-hover-accent-color:rgba(101,188,123,0);--awb-item-margin-bottom:40px;\" data-animationOffset=\"top-into-view\"><div style=\"--awb-backgroundcolor:#ffffff;\" class=\"fusion-column content-box-column content-box-column content-box-column-1 col-lg-12 col-md-12 col-sm-12 fusion-content-box-hover content-box-column-last content-box-column-last-in-row\"><div class=\"col content-box-wrapper content-wrapper-background link-area-link-icon content-icon-wrapper-yes icon-hover-animation-none\" data-animationOffset=\"top-into-view\"><div class=\"fusion-clearfix\"><\/div><div class=\"content-container\">\n<h4><strong>direction artistique, mise en sc\u00e8ne &amp; \u00e9criture<\/strong> Louise Em\u00f6<\/h4>\n<h4><strong>interpr\u00e9tation <em>en cours<\/em><\/strong><\/h4>\n<h4><strong>production<\/strong> la Parole au Centre<\/h4>\n<h4><strong>coproduction<\/strong> NEST &#8211; CDN transfrontalier de Thionville-Grand Est, Neim\u00ebnster &#8211; Luxembourg<br \/>\n<strong>soutien<\/strong> Ville de Rouen, Labo Victor Hugo,Th\u00e9\u00e2tre Paul Eluard (TPE) &#8211; Bezons<\/h4>\n<\/div><\/div><\/div><div class=\"fusion-clearfix\"><\/div><\/div><div class=\"fusion-separator fusion-full-width-sep\" style=\"align-self: center;margin-left: auto;margin-right: auto;margin-top:5px;margin-bottom:5px;width:100%;\"><\/div><div style=\"text-align:center;\"><a class=\"fusion-button button-flat fusion-button-default-size button-default fusion-button-default button-1 fusion-button-default-span fusion-button-default-type\" style=\"--button_text_transform:lowercase;\" target=\"lightbox\" rel=\"iLightbox\" href=\"https:\/\/laparoleaucentre.com\/wp-content\/uploads\/2025\/11\/HAMLET-\u2014-cape-ou-pas-cape.pdf\"><span class=\"fusion-button-text awb-button__text awb-button__text--default\">dossier artistique<\/span><\/a><\/div><div class=\"fusion-separator fusion-full-width-sep\" style=\"align-self: center;margin-left: auto;margin-right: auto;margin-top:5px;margin-bottom:5px;width:100%;\"><\/div><div class=\"fusion-separator fusion-full-width-sep\" style=\"align-self: center;margin-left: auto;margin-right: auto;margin-top:5px;margin-bottom:5px;width:100%;\"><\/div><\/div><\/div><\/div><\/div><div class=\"fusion-fullwidth fullwidth-box fusion-builder-row-2 fusion-flex-container has-pattern-background has-mask-background nonhundred-percent-fullwidth non-hundred-percent-height-scrolling fusion-no-medium-visibility fusion-no-large-visibility\" style=\"--awb-border-radius-top-left:0px;--awb-border-radius-top-right:0px;--awb-border-radius-bottom-right:0px;--awb-border-radius-bottom-left:0px;--awb-padding-right:3%;--awb-padding-left:3%;--awb-background-color:rgba(244,244,244,0);--awb-flex-wrap:wrap;\" ><div class=\"fusion-builder-row fusion-row fusion-flex-align-items-flex-start fusion-flex-content-wrap\" style=\"max-width:1248px;margin-left: calc(-4% \/ 2 );margin-right: calc(-4% \/ 2 );\"><div class=\"fusion-layout-column fusion_builder_column fusion-builder-column-2 fusion_builder_column_1_1 1_1 fusion-flex-column\" style=\"--awb-bg-size:cover;--awb-width-large:100%;--awb-margin-top-large:0px;--awb-spacing-right-large:1.92%;--awb-margin-bottom-large:20px;--awb-spacing-left-large:1.92%;--awb-width-medium:100%;--awb-order-medium:0;--awb-spacing-right-medium:1.92%;--awb-spacing-left-medium:1.92%;--awb-width-small:100%;--awb-order-small:0;--awb-spacing-right-small:1.92%;--awb-spacing-left-small:1.92%;\"><div class=\"fusion-column-wrapper fusion-column-has-shadow fusion-flex-justify-content-flex-start fusion-content-layout-column\"><div class=\"fusion-title title fusion-title-2 fusion-sep-none fusion-title-center fusion-title-text fusion-title-size-two fusion-animated\" style=\"--awb-margin-bottom:45px;--awb-font-size:45px;\" data-animationType=\"flash\" data-animationDuration=\"1.0\" data-animationOffset=\"top-into-view\"><h2 class=\"fusion-title-heading title-heading-center\" style=\"font-family:&quot;Permanent Marker&quot;;font-style:normal;font-weight:400;margin:0;font-size:1em;\">hamlet<\/h2><\/div><div class=\"fusion-separator fusion-full-width-sep\" style=\"align-self: center;margin-left: auto;margin-right: auto;margin-top:20px;margin-bottom:20px;width:100%;\"><\/div><div class=\"fusion-text fusion-text-5\" style=\"--awb-line-height:0;\"><p class=\"_04xlpA direction-ltr align-end para-style-body\" style=\"text-align: center;\"><strong><em><span class=\"JsGRdQ\"><b>[cape ou pas cape] <\/b><\/span><\/em><\/strong><\/p>\n<\/div><div class=\"fusion-separator fusion-full-width-sep\" style=\"align-self: center;margin-left: auto;margin-right: auto;margin-top:20px;margin-bottom:20px;width:100%;\"><\/div><div class=\"fusion-text fusion-text-6\"><h4 class=\"_04xlpA direction-ltr align-end para-style-body\" style=\"text-align: center;\">en cr\u00e9ation<\/h4>\n<\/div><div class=\"fusion-separator fusion-full-width-sep\" style=\"align-self: center;margin-left: auto;margin-right: auto;margin-top:20px;margin-bottom:20px;width:100%;\"><\/div><div class=\"fusion-image-element \" style=\"--awb-caption-title-font-family:var(--h2_typography-font-family);--awb-caption-title-font-weight:var(--h2_typography-font-weight);--awb-caption-title-font-style:var(--h2_typography-font-style);--awb-caption-title-size:var(--h2_typography-font-size);--awb-caption-title-transform:var(--h2_typography-text-transform);--awb-caption-title-line-height:var(--h2_typography-line-height);--awb-caption-title-letter-spacing:var(--h2_typography-letter-spacing);\"><span class=\" fusion-imageframe imageframe-none imageframe-2 hover-type-none\"><img decoding=\"async\" width=\"774\" height=\"775\" title=\"hamlet pac\" src=\"https:\/\/laparoleaucentre.com\/wp-content\/uploads\/2025\/06\/hamlet-pac.png\" alt class=\"img-responsive wp-image-3978\" srcset=\"https:\/\/laparoleaucentre.com\/wp-content\/uploads\/2025\/06\/hamlet-pac-200x200.png 200w, https:\/\/laparoleaucentre.com\/wp-content\/uploads\/2025\/06\/hamlet-pac-400x401.png 400w, https:\/\/laparoleaucentre.com\/wp-content\/uploads\/2025\/06\/hamlet-pac-600x601.png 600w, https:\/\/laparoleaucentre.com\/wp-content\/uploads\/2025\/06\/hamlet-pac.png 774w\" sizes=\"(max-width: 640px) 100vw, 774px\" \/><\/span><\/div><div class=\"fusion-separator fusion-full-width-sep\" style=\"align-self: center;margin-left: auto;margin-right: auto;margin-top:20px;margin-bottom:20px;width:100%;\"><\/div><div class=\"fusion-text fusion-text-7\" style=\"--awb-margin-right:40px;\"><h3 class=\"fusion-responsive-typography-calculated\" data-fontsize=\"22\" data-lineheight=\"26.4px\">\/ agenda<\/h3>\n<\/div><div class=\"fusion-separator fusion-full-width-sep\" style=\"align-self: center;margin-left: auto;margin-right: auto;width:100%;\"><div class=\"fusion-separator-border sep-single sep-solid\" style=\"--awb-height:20px;--awb-amount:20px;--awb-sep-color:#000000;border-color:#000000;border-top-width:1px;\"><\/div><\/div><div class=\"fusion-text fusion-text-8\" style=\"--awb-content-alignment:justify;\"><h4 style=\"text-align: left;\"><strong><span style=\"color: #f6bbd0;\">13 &gt; 17 d\u00e9cembre<\/span> &#8211; nest cdn transfrontalier \/ thionville<\/strong><\/h4>\n<h4><strong><span style=\"color: #f6bbd0;\">3 &gt; 8.03<\/span> &#8211; nest cdn transfrontalier \/ thionville<\/strong><\/h4>\n<h4><strong><span style=\"color: #f6bbd0;\">25 &gt; 29.03<\/span> &#8211; abbaye neinmester \/ luxembourg<\/strong><\/h4>\n<h4><strong><span style=\"color: #f6bbd0;\">1 &gt; 5.06<\/span> &#8211; th\u00e9\u00e2tre paul \u00e9luard \/ bezons<\/strong><\/h4>\n<\/div><div class=\"fusion-separator fusion-full-width-sep\" style=\"align-self: center;margin-left: auto;margin-right: auto;margin-top:5px;margin-bottom:5px;width:100%;\"><\/div><div class=\"fusion-content-boxes content-boxes columns row fusion-columns-1 fusion-columns-total-1 fusion-content-boxes-2 content-boxes-icon-with-title content-left\" style=\"--awb-hover-accent-color:rgba(101,188,123,0);--awb-circle-hover-accent-color:rgba(101,188,123,0);--awb-item-margin-bottom:40px;\" data-animationOffset=\"top-into-view\"><div style=\"--awb-backgroundcolor:#ffffff;\" class=\"fusion-column content-box-column content-box-column content-box-column-1 col-lg-12 col-md-12 col-sm-12 fusion-content-box-hover content-box-column-last content-box-column-last-in-row\"><div class=\"col content-box-wrapper content-wrapper-background link-area-link-icon content-icon-wrapper-yes icon-hover-animation-none\" data-animationOffset=\"top-into-view\"><div class=\"fusion-clearfix\"><\/div><div class=\"content-container\">\n<h4><strong>direction artistique, mise en sc\u00e8ne &amp; \u00e9criture<\/strong> Louise Em\u00f6<\/h4>\n<h4><strong>interpr\u00e9tation <em>en cours<\/em><\/strong><\/h4>\n<h4><strong>production<\/strong> la Parole au Centre<\/h4>\n<h4><strong>coproduction<\/strong> NEST &#8211; CDN transfrontalier de Thionville-Grand Est, Neim\u00ebnster &#8211; Luxembourg<br \/>\n<strong>soutien<\/strong> Ville de Rouen, Labo Victor Hugo,Th\u00e9\u00e2tre Paul Eluard (TPE) &#8211; Bezons<\/h4>\n<\/div><\/div><\/div><div class=\"fusion-clearfix\"><\/div><\/div><div class=\"fusion-separator fusion-full-width-sep\" style=\"align-self: center;margin-left: auto;margin-right: auto;margin-top:5px;margin-bottom:5px;width:100%;\"><\/div><div style=\"text-align:center;\"><a class=\"fusion-button button-flat fusion-button-default-size button-default fusion-button-default button-2 fusion-button-default-span fusion-button-default-type\" style=\"--button_text_transform:lowercase;\" target=\"lightbox\" rel=\"iLightbox\" href=\"https:\/\/laparoleaucentre.com\/wp-content\/uploads\/2025\/11\/HAMLET-\u2014-cape-ou-pas-cape.pdf\"><span class=\"fusion-button-text awb-button__text awb-button__text--default\">dossier artistique<\/span><\/a><\/div><div class=\"fusion-separator fusion-full-width-sep\" style=\"align-self: center;margin-left: auto;margin-right: auto;margin-top:5px;margin-bottom:5px;width:100%;\"><\/div><\/div><\/div><\/div><\/div><\/p>\n","protected":false},"excerpt":{"rendered":"","protected":false},"author":1,"featured_media":0,"parent":0,"menu_order":0,"comment_status":"closed","ping_status":"closed","template":"","meta":{"footnotes":""},"class_list":["post-4039","page","type-page","status-publish","hentry"],"yoast_head":"<!-- This site is optimized with the Yoast SEO plugin v27.4 - https:\/\/yoast.com\/product\/yoast-seo-wordpress\/ -->\n<title>hamlet - La Parole au Centre<\/title>\n<meta name=\"description\" content=\"cr\u00e9ation la parole au centre\" \/>\n<meta name=\"robots\" content=\"index, follow, max-snippet:-1, max-image-preview:large, max-video-preview:-1\" \/>\n<link rel=\"canonical\" href=\"https:\/\/laparoleaucentre.com\/index.php\/hamlet\/\" \/>\n<meta property=\"og:locale\" content=\"fr_FR\" \/>\n<meta property=\"og:type\" content=\"article\" \/>\n<meta property=\"og:title\" content=\"hamlet - La Parole au Centre\" \/>\n<meta property=\"og:description\" content=\"cr\u00e9ation la parole au centre\" \/>\n<meta property=\"og:url\" content=\"https:\/\/laparoleaucentre.com\/index.php\/hamlet\/\" \/>\n<meta property=\"og:site_name\" content=\"La Parole au Centre\" \/>\n<meta property=\"article:publisher\" content=\"https:\/\/www.facebook.com\/laparoleaucentre\" \/>\n<meta property=\"article:modified_time\" content=\"2026-02-18T20:24:06+00:00\" \/>\n<meta name=\"twitter:card\" content=\"summary_large_image\" \/>\n<meta name=\"twitter:label1\" content=\"Dur\u00e9e de lecture estim\u00e9e\" \/>\n\t<meta name=\"twitter:data1\" content=\"27 minutes\" \/>\n<script type=\"application\/ld+json\" class=\"yoast-schema-graph\">{\"@context\":\"https:\\\/\\\/schema.org\",\"@graph\":[{\"@type\":\"WebPage\",\"@id\":\"https:\\\/\\\/laparoleaucentre.com\\\/index.php\\\/hamlet\\\/\",\"url\":\"https:\\\/\\\/laparoleaucentre.com\\\/index.php\\\/hamlet\\\/\",\"name\":\"hamlet - La Parole au Centre\",\"isPartOf\":{\"@id\":\"https:\\\/\\\/laparoleaucentre.com\\\/#website\"},\"datePublished\":\"2025-11-28T11:35:38+00:00\",\"dateModified\":\"2026-02-18T20:24:06+00:00\",\"description\":\"cr\u00e9ation la parole au centre\",\"breadcrumb\":{\"@id\":\"https:\\\/\\\/laparoleaucentre.com\\\/index.php\\\/hamlet\\\/#breadcrumb\"},\"inLanguage\":\"fr-FR\",\"potentialAction\":[{\"@type\":\"ReadAction\",\"target\":[\"https:\\\/\\\/laparoleaucentre.com\\\/index.php\\\/hamlet\\\/\"]}]},{\"@type\":\"BreadcrumbList\",\"@id\":\"https:\\\/\\\/laparoleaucentre.com\\\/index.php\\\/hamlet\\\/#breadcrumb\",\"itemListElement\":[{\"@type\":\"ListItem\",\"position\":1,\"name\":\"Accueil\",\"item\":\"https:\\\/\\\/laparoleaucentre.com\\\/\"},{\"@type\":\"ListItem\",\"position\":2,\"name\":\"hamlet\"}]},{\"@type\":\"WebSite\",\"@id\":\"https:\\\/\\\/laparoleaucentre.com\\\/#website\",\"url\":\"https:\\\/\\\/laparoleaucentre.com\\\/\",\"name\":\"La Parole au Centre\",\"description\":\"Compagnie de th\u00e9\u00e2tre - Louise Em\u00f6\",\"publisher\":{\"@id\":\"https:\\\/\\\/laparoleaucentre.com\\\/#organization\"},\"potentialAction\":[{\"@type\":\"SearchAction\",\"target\":{\"@type\":\"EntryPoint\",\"urlTemplate\":\"https:\\\/\\\/laparoleaucentre.com\\\/?s={search_term_string}\"},\"query-input\":{\"@type\":\"PropertyValueSpecification\",\"valueRequired\":true,\"valueName\":\"search_term_string\"}}],\"inLanguage\":\"fr-FR\"},{\"@type\":\"Organization\",\"@id\":\"https:\\\/\\\/laparoleaucentre.com\\\/#organization\",\"name\":\"La Parole au Centre\",\"url\":\"https:\\\/\\\/laparoleaucentre.com\\\/\",\"logo\":{\"@type\":\"ImageObject\",\"inLanguage\":\"fr-FR\",\"@id\":\"https:\\\/\\\/laparoleaucentre.com\\\/#\\\/schema\\\/logo\\\/image\\\/\",\"url\":\"https:\\\/\\\/laparoleaucentre.com\\\/wp-content\\\/uploads\\\/2021\\\/05\\\/logo-pac.png\",\"contentUrl\":\"https:\\\/\\\/laparoleaucentre.com\\\/wp-content\\\/uploads\\\/2021\\\/05\\\/logo-pac.png\",\"width\":300,\"height\":241,\"caption\":\"La Parole au Centre\"},\"image\":{\"@id\":\"https:\\\/\\\/laparoleaucentre.com\\\/#\\\/schema\\\/logo\\\/image\\\/\"},\"sameAs\":[\"https:\\\/\\\/www.facebook.com\\\/laparoleaucentre\",\"https:\\\/\\\/www.instagram.com\\\/laparoleaucentre\\\/\",\"https:\\\/\\\/www.youtube.com\\\/channel\\\/UC2GO_VA4yj1YCuTh-SpaTbw?view_as=subscriber\"]}]}<\/script>\n<!-- \/ Yoast SEO plugin. -->","yoast_head_json":{"title":"hamlet - La Parole au Centre","description":"cr\u00e9ation la parole au centre","robots":{"index":"index","follow":"follow","max-snippet":"max-snippet:-1","max-image-preview":"max-image-preview:large","max-video-preview":"max-video-preview:-1"},"canonical":"https:\/\/laparoleaucentre.com\/index.php\/hamlet\/","og_locale":"fr_FR","og_type":"article","og_title":"hamlet - La Parole au Centre","og_description":"cr\u00e9ation la parole au centre","og_url":"https:\/\/laparoleaucentre.com\/index.php\/hamlet\/","og_site_name":"La Parole au Centre","article_publisher":"https:\/\/www.facebook.com\/laparoleaucentre","article_modified_time":"2026-02-18T20:24:06+00:00","twitter_card":"summary_large_image","twitter_misc":{"Dur\u00e9e de lecture estim\u00e9e":"27 minutes"},"schema":{"@context":"https:\/\/schema.org","@graph":[{"@type":"WebPage","@id":"https:\/\/laparoleaucentre.com\/index.php\/hamlet\/","url":"https:\/\/laparoleaucentre.com\/index.php\/hamlet\/","name":"hamlet - La Parole au Centre","isPartOf":{"@id":"https:\/\/laparoleaucentre.com\/#website"},"datePublished":"2025-11-28T11:35:38+00:00","dateModified":"2026-02-18T20:24:06+00:00","description":"cr\u00e9ation la parole au centre","breadcrumb":{"@id":"https:\/\/laparoleaucentre.com\/index.php\/hamlet\/#breadcrumb"},"inLanguage":"fr-FR","potentialAction":[{"@type":"ReadAction","target":["https:\/\/laparoleaucentre.com\/index.php\/hamlet\/"]}]},{"@type":"BreadcrumbList","@id":"https:\/\/laparoleaucentre.com\/index.php\/hamlet\/#breadcrumb","itemListElement":[{"@type":"ListItem","position":1,"name":"Accueil","item":"https:\/\/laparoleaucentre.com\/"},{"@type":"ListItem","position":2,"name":"hamlet"}]},{"@type":"WebSite","@id":"https:\/\/laparoleaucentre.com\/#website","url":"https:\/\/laparoleaucentre.com\/","name":"La Parole au Centre","description":"Compagnie de th\u00e9\u00e2tre - Louise Em\u00f6","publisher":{"@id":"https:\/\/laparoleaucentre.com\/#organization"},"potentialAction":[{"@type":"SearchAction","target":{"@type":"EntryPoint","urlTemplate":"https:\/\/laparoleaucentre.com\/?s={search_term_string}"},"query-input":{"@type":"PropertyValueSpecification","valueRequired":true,"valueName":"search_term_string"}}],"inLanguage":"fr-FR"},{"@type":"Organization","@id":"https:\/\/laparoleaucentre.com\/#organization","name":"La Parole au Centre","url":"https:\/\/laparoleaucentre.com\/","logo":{"@type":"ImageObject","inLanguage":"fr-FR","@id":"https:\/\/laparoleaucentre.com\/#\/schema\/logo\/image\/","url":"https:\/\/laparoleaucentre.com\/wp-content\/uploads\/2021\/05\/logo-pac.png","contentUrl":"https:\/\/laparoleaucentre.com\/wp-content\/uploads\/2021\/05\/logo-pac.png","width":300,"height":241,"caption":"La Parole au Centre"},"image":{"@id":"https:\/\/laparoleaucentre.com\/#\/schema\/logo\/image\/"},"sameAs":["https:\/\/www.facebook.com\/laparoleaucentre","https:\/\/www.instagram.com\/laparoleaucentre\/","https:\/\/www.youtube.com\/channel\/UC2GO_VA4yj1YCuTh-SpaTbw?view_as=subscriber"]}]}},"_links":{"self":[{"href":"https:\/\/laparoleaucentre.com\/index.php\/wp-json\/wp\/v2\/pages\/4039","targetHints":{"allow":["GET"]}}],"collection":[{"href":"https:\/\/laparoleaucentre.com\/index.php\/wp-json\/wp\/v2\/pages"}],"about":[{"href":"https:\/\/laparoleaucentre.com\/index.php\/wp-json\/wp\/v2\/types\/page"}],"author":[{"embeddable":true,"href":"https:\/\/laparoleaucentre.com\/index.php\/wp-json\/wp\/v2\/users\/1"}],"replies":[{"embeddable":true,"href":"https:\/\/laparoleaucentre.com\/index.php\/wp-json\/wp\/v2\/comments?post=4039"}],"version-history":[{"count":7,"href":"https:\/\/laparoleaucentre.com\/index.php\/wp-json\/wp\/v2\/pages\/4039\/revisions"}],"predecessor-version":[{"id":4064,"href":"https:\/\/laparoleaucentre.com\/index.php\/wp-json\/wp\/v2\/pages\/4039\/revisions\/4064"}],"wp:attachment":[{"href":"https:\/\/laparoleaucentre.com\/index.php\/wp-json\/wp\/v2\/media?parent=4039"}],"curies":[{"name":"wp","href":"https:\/\/api.w.org\/{rel}","templated":true}]}}